{"id":677,"date":"2018-08-01T20:37:27","date_gmt":"2018-08-01T18:37:27","guid":{"rendered":"http:\/\/verel-de-montbel.fr\/?page_id=677"},"modified":"2021-03-04T08:24:11","modified_gmt":"2021-03-04T07:24:11","slug":"p-l-u-plan-local-durbanisme","status":"publish","type":"page","link":"https:\/\/www.verel-de-montbel.fr\/mairie\/p-l-u-plan-local-durbanisme\/","title":{"rendered":"PLU (Plan Local d&rsquo;Urbanisme)"},"content":{"rendered":"<p>[et_pb_section fb_built=\u00a0\u00bb1&Prime; _builder_version=\u00a0\u00bb3.22&Prime; background_position=\u00a0\u00bbtop_center\u00a0\u00bb custom_padding=\u00a0\u00bb0|0px|0|0px|false|false\u00a0\u00bb global_module=\u00a0\u00bb301&Prime;][et_pb_row column_structure=\u00a0\u00bb1_2,1_2&Prime; disabled_on=\u00a0\u00bbon|on|off\u00a0\u00bb _builder_version=\u00a0\u00bb3.25&Prime; background_color=\u00a0\u00bbrgba(255,255,255,0)\u00a0\u00bb width=\u00a0\u00bb100%\u00a0\u00bb max_width=\u00a0\u00bb100%\u00a0\u00bb module_alignment=\u00a0\u00bbcenter\u00a0\u00bb custom_margin=\u00a0\u00bb0px|||\u00a0\u00bb custom_padding=\u00a0\u00bb0px|0px|0px|\u00a0\u00bb use_custom_width=\u00a0\u00bbon\u00a0\u00bb width_unit=\u00a0\u00bboff\u00a0\u00bb custom_width_percent=\u00a0\u00bb100%\u00a0\u00bb][et_pb_column type=\u00a0\u00bb1_2&Prime; _builder_version=\u00a0\u00bb3.25&Prime; custom_padding=\u00a0\u00bb|||\u00a0\u00bb custom_padding__hover=\u00a0\u00bb|||\u00a0\u00bb][et_pb_text _builder_version=\u00a0\u00bb3.27.4&Prime; text_font=\u00a0\u00bb|600||||on|||\u00a0\u00bb text_text_color=\u00a0\u00bb#8aa07e\u00a0\u00bb text_font_size=\u00a0\u00bb18px\u00a0\u00bb header_text_align=\u00a0\u00bbleft\u00a0\u00bb custom_margin=\u00a0\u00bb20px||10px|30px\u00a0\u00bb]<\/p>\n<p>T\u00e9l\u00e9phone Mairie : 04 76 37 28 09<\/p>\n<p>[\/et_pb_text][\/et_pb_column][et_pb_column type=\u00a0\u00bb1_2&Prime; _builder_version=\u00a0\u00bb3.25&Prime; custom_padding=\u00a0\u00bb|||\u00a0\u00bb custom_padding__hover=\u00a0\u00bb|||\u00a0\u00bb][et_pb_search exclude_pages=\u00a0\u00bboff\u00a0\u00bb button_color=\u00a0\u00bb#9eb791&Prime; placeholder_color=\u00a0\u00bb#ffffff\u00a0\u00bb _builder_version=\u00a0\u00bb3.23&Prime; form_field_text_color=\u00a0\u00bb#ffffff\u00a0\u00bb button_font=\u00a0\u00bbUbuntu||||||||\u00a0\u00bb button_text_color=\u00a0\u00bb#ffffff\u00a0\u00bb button_font_size=\u00a0\u00bb12px\u00a0\u00bb button_letter_spacing=\u00a0\u00bb3px\u00a0\u00bb form_field_font=\u00a0\u00bbUbuntu||||||||\u00a0\u00bb form_field_text_align=\u00a0\u00bbright\u00a0\u00bb background_color=\u00a0\u00bbrgba(158,183,145,0.98)\u00a0\u00bb text_orientation=\u00a0\u00bbcenter\u00a0\u00bb max_width=\u00a0\u00bb24%\u00a0\u00bb module_alignment=\u00a0\u00bbright\u00a0\u00bb custom_margin=\u00a0\u00bb20px||10px|\u00a0\u00bb custom_padding=\u00a0\u00bb|||\u00a0\u00bb border_radii=\u00a0\u00bbon|25px|25px|25px|25px\u00a0\u00bb border_width_all=\u00a0\u00bb0px\u00a0\u00bb input_text_color=\u00a0\u00bb#ffffff\u00a0\u00bb input_font=\u00a0\u00bbUbuntu||||||||\u00a0\u00bb input_text_align=\u00a0\u00bbright\u00a0\u00bb button_text_size__hover_enabled=\u00a0\u00bboff\u00a0\u00bb button_text_size__hover=\u00a0\u00bbnull\u00a0\u00bb button_one_text_size__hover_enabled=\u00a0\u00bboff\u00a0\u00bb button_one_text_size__hover=\u00a0\u00bbnull\u00a0\u00bb button_two_text_size__hover_enabled=\u00a0\u00bboff\u00a0\u00bb button_two_text_size__hover=\u00a0\u00bbnull\u00a0\u00bb button_text_color__hover_enabled=\u00a0\u00bboff\u00a0\u00bb button_text_color__hover=\u00a0\u00bbnull\u00a0\u00bb button_one_text_color__hover_enabled=\u00a0\u00bboff\u00a0\u00bb button_one_text_color__hover=\u00a0\u00bbnull\u00a0\u00bb button_two_text_color__hover_enabled=\u00a0\u00bboff\u00a0\u00bb button_two_text_color__hover=\u00a0\u00bbnull\u00a0\u00bb button_border_width__hover_enabled=\u00a0\u00bboff\u00a0\u00bb button_border_width__hover=\u00a0\u00bbnull\u00a0\u00bb button_one_border_width__hover_enabled=\u00a0\u00bboff\u00a0\u00bb button_one_border_width__hover=\u00a0\u00bbnull\u00a0\u00bb button_two_border_width__hover_enabled=\u00a0\u00bboff\u00a0\u00bb button_two_border_width__hover=\u00a0\u00bbnull\u00a0\u00bb button_border_color__hover_enabled=\u00a0\u00bboff\u00a0\u00bb button_border_color__hover=\u00a0\u00bbnull\u00a0\u00bb button_one_border_color__hover_enabled=\u00a0\u00bboff\u00a0\u00bb button_one_border_color__hover=\u00a0\u00bbnull\u00a0\u00bb button_two_border_color__hover_enabled=\u00a0\u00bboff\u00a0\u00bb button_two_border_color__hover=\u00a0\u00bbnull\u00a0\u00bb button_border_radius__hover_enabled=\u00a0\u00bboff\u00a0\u00bb button_border_radius__hover=\u00a0\u00bbnull\u00a0\u00bb button_one_border_radius__hover_enabled=\u00a0\u00bboff\u00a0\u00bb button_one_border_radius__hover=\u00a0\u00bbnull\u00a0\u00bb button_two_border_radius__hover_enabled=\u00a0\u00bboff\u00a0\u00bb button_two_border_radius__hover=\u00a0\u00bbnull\u00a0\u00bb button_letter_spacing__hover_enabled=\u00a0\u00bboff\u00a0\u00bb button_letter_spacing__hover=\u00a0\u00bbnull\u00a0\u00bb button_one_letter_spacing__hover_enabled=\u00a0\u00bboff\u00a0\u00bb button_one_letter_spacing__hover=\u00a0\u00bbnull\u00a0\u00bb button_two_letter_spacing__hover_enabled=\u00a0\u00bboff\u00a0\u00bb button_two_letter_spacing__hover=\u00a0\u00bbnull\u00a0\u00bb button_bg_color__hover_enabled=\u00a0\u00bboff\u00a0\u00bb button_bg_color__hover=\u00a0\u00bbnull\u00a0\u00bb button_one_bg_color__hover_enabled=\u00a0\u00bboff\u00a0\u00bb button_one_bg_color__hover=\u00a0\u00bbnull\u00a0\u00bb button_two_bg_color__hover_enabled=\u00a0\u00bboff\u00a0\u00bb button_two_bg_color__hover=\u00a0\u00bbnull\u00a0\u00bb][\/et_pb_search][\/et_pb_column][\/et_pb_row][\/et_pb_section][et_pb_section fb_built=\u00a0\u00bb1&Prime; fullwidth=\u00a0\u00bbon\u00a0\u00bb admin_label=\u00a0\u00bbImage en-t\u00eate pages\u00a0\u00bb _builder_version=\u00a0\u00bb3.2.2&Prime; global_module=\u00a0\u00bb317&Prime;][et_pb_fullwidth_image src=\u00a0\u00bbhttps:\/\/www.verel-de-montbel.fr\/mairie\/wp-content\/uploads\/2018\/06\/en-tete-pages.jpg\u00a0\u00bb alt=\u00a0\u00bbEn-t\u00eate : Verel-de-Montbel, le village, l&rsquo;\u00e9glise, la mairie\u00a0\u00bb title_text=\u00a0\u00bbVerel-de-Montbel\u00a0\u00bb url=\u00a0\u00bbhttp:\/\/www.verel-de-montbel.fr\u00a0\u00bb disabled_on=\u00a0\u00bbon|on|off\u00a0\u00bb _builder_version=\u00a0\u00bb4.9.0&Prime;][\/et_pb_fullwidth_image][et_pb_fullwidth_image src=\u00a0\u00bbhttps:\/\/www.verel-de-montbel.fr\/mairie\/wp-content\/uploads\/2021\/02\/logo-verel-mobiles.jpg\u00a0\u00bb alt=\u00a0\u00bbBienvenue \u00e0 Verel-de-Montbel en Savoie\u00a0\u00bb title_text=\u00a0\u00bbBienvenue \u00e0 Verel-de-Montbel en Savoie\u00a0\u00bb disabled_on=\u00a0\u00bboff|off|on\u00a0\u00bb _builder_version=\u00a0\u00bb4.9.0&Prime; _module_preset=\u00a0\u00bbdefault\u00a0\u00bb][\/et_pb_fullwidth_image][et_pb_fullwidth_image src=\u00a0\u00bbhttps:\/\/www.verel-de-montbel.fr\/mairie\/wp-content\/uploads\/2021\/02\/entetemobiles.jpg\u00a0\u00bb alt=\u00a0\u00bbVerel-de-Montbel\u00a0\u00bb title_text=\u00a0\u00bbVerel-de-Montbel\u00a0\u00bb disabled_on=\u00a0\u00bboff|off|on\u00a0\u00bb _builder_version=\u00a0\u00bb4.9.0&Prime; _module_preset=\u00a0\u00bbdefault\u00a0\u00bb][\/et_pb_fullwidth_image][\/et_pb_section][et_pb_section fb_built=\u00a0\u00bb1&Prime; fullwidth=\u00a0\u00bbon\u00a0\u00bb module_id=\u00a0\u00bbmenuhaut\u00a0\u00bb _builder_version=\u00a0\u00bb4.9.0&Prime; background_image=\u00a0\u00bbhttps:\/\/www.verel-de-montbel.fr\/mairie\/wp-content\/uploads\/2018\/06\/Fond-menu-Bois1.jpg\u00a0\u00bb background_size=\u00a0\u00bbinitial\u00a0\u00bb background_repeat=\u00a0\u00bbrepeat\u00a0\u00bb global_module=\u00a0\u00bb304&Prime;][et_pb_fullwidth_menu menu_id=\u00a0\u00bb10&Prime; submenu_direction=\u00a0\u00bbdownwards\u00a0\u00bb fullwidth_menu=\u00a0\u00bbon\u00a0\u00bb active_link_color=\u00a0\u00bb#ffffff\u00a0\u00bb dropdown_menu_bg_color=\u00a0\u00bb#21100c\u00a0\u00bb dropdown_menu_line_color=\u00a0\u00bb#9eb791&Prime; dropdown_menu_text_color=\u00a0\u00bb#ffffff\u00a0\u00bb mobile_menu_text_color=\u00a0\u00bb#ffffff\u00a0\u00bb disabled_on=\u00a0\u00bbon|on|\u00a0\u00bb admin_label=\u00a0\u00bbMenu du site\u00a0\u00bb _builder_version=\u00a0\u00bb4.9.0&Prime; menu_font=\u00a0\u00bbPoppins||||||||\u00a0\u00bb menu_text_color=\u00a0\u00bb#ffffff\u00a0\u00bb menu_font_size=\u00a0\u00bb17px\u00a0\u00bb menu_letter_spacing=\u00a0\u00bb1px\u00a0\u00bb menu_line_height=\u00a0\u00bb1.2em\u00a0\u00bb background_color=\u00a0\u00bbrgba(255,255,255,0)\u00a0\u00bb background_image=\u00a0\u00bbhttps:\/\/www.verel-de-montbel.fr\/mairie\/wp-content\/uploads\/2018\/06\/Fond-menu-Bois1.jpg\u00a0\u00bb text_orientation=\u00a0\u00bbcenter\u00a0\u00bb custom_margin=\u00a0\u00bb0px|||\u00a0\u00bb custom_padding=\u00a0\u00bb0px|||\u00a0\u00bb][\/et_pb_fullwidth_menu][\/et_pb_section][et_pb_section fb_built=\u00a0\u00bb1&Prime; fullwidth=\u00a0\u00bbon\u00a0\u00bb _builder_version=\u00a0\u00bb3.22&Prime; custom_padding=\u00a0\u00bb0px|0px|0||false|false\u00a0\u00bb][et_pb_fullwidth_post_title meta=\u00a0\u00bboff\u00a0\u00bb featured_image=\u00a0\u00bboff\u00a0\u00bb admin_label=\u00a0\u00bbTitre de page\u00a0\u00bb _builder_version=\u00a0\u00bb3.2.2&Prime; title_font=\u00a0\u00bb|300|||||||\u00a0\u00bb title_text_align=\u00a0\u00bbright\u00a0\u00bb title_text_color=\u00a0\u00bb#ffffff\u00a0\u00bb title_font_size=\u00a0\u00bb17px\u00a0\u00bb title_letter_spacing=\u00a0\u00bb4px\u00a0\u00bb background_color=\u00a0\u00bb#190a07&Prime; text_orientation=\u00a0\u00bbright\u00a0\u00bb custom_padding=\u00a0\u00bb15px||10px|\u00a0\u00bb][\/et_pb_fullwidth_post_title][\/et_pb_section][et_pb_section fb_built=\u00a0\u00bb1&Prime; _builder_version=\u00a0\u00bb3.22&Prime; custom_padding=\u00a0\u00bb4px|0px|19px|0px|false|false\u00a0\u00bb][et_pb_row column_structure=\u00a0\u00bb1_4,1_2,1_4&Prime; use_custom_gutter=\u00a0\u00bbon\u00a0\u00bb module_class=\u00a0\u00bb et_pb_row_fullwidth\u00a0\u00bb _builder_version=\u00a0\u00bb3.25&Prime; width=\u00a0\u00bb94%\u00a0\u00bb width_tablet=\u00a0\u00bb80%\u00a0\u00bb width_phone=\u00a0\u00bb\u00a0\u00bb width_last_edited=\u00a0\u00bbon|desktop\u00a0\u00bb max_width=\u00a0\u00bb94%\u00a0\u00bb max_width_tablet=\u00a0\u00bb80%\u00a0\u00bb max_width_phone=\u00a0\u00bb\u00a0\u00bb max_width_last_edited=\u00a0\u00bbon|desktop\u00a0\u00bb module_alignment=\u00a0\u00bbcenter\u00a0\u00bb custom_padding=\u00a0\u00bb27px|0px|0|0px|false|false\u00a0\u00bb make_fullwidth=\u00a0\u00bbon\u00a0\u00bb][et_pb_column type=\u00a0\u00bb1_4&Prime; _builder_version=\u00a0\u00bb3.25&Prime; custom_padding=\u00a0\u00bb|||\u00a0\u00bb custom_padding__hover=\u00a0\u00bb|||\u00a0\u00bb][et_pb_sidebar area=\u00a0\u00bbet_pb_widget_area_4&Prime; _builder_version=\u00a0\u00bb4.9.0&Prime; body_font=\u00a0\u00bb||||||||\u00a0\u00bb body_text_color=\u00a0\u00bb#FFFFFF\u00a0\u00bb background_color=\u00a0\u00bb#5e7dab\u00a0\u00bb custom_padding=\u00a0\u00bb|10px||10px\u00a0\u00bb global_module=\u00a0\u00bb665&Prime; saved_tabs=\u00a0\u00bball\u00a0\u00bb][\/et_pb_sidebar][\/et_pb_column][et_pb_column type=\u00a0\u00bb1_2&Prime; _builder_version=\u00a0\u00bb3.25&Prime; custom_padding=\u00a0\u00bb|||\u00a0\u00bb custom_padding__hover=\u00a0\u00bb|||\u00a0\u00bb][et_pb_text ul_item_indent=\u00a0\u00bb34px\u00a0\u00bb admin_label=\u00a0\u00bbTexte Bienvenue \u00e0 Verel\u00a0\u00bb _builder_version=\u00a0\u00bb4.9.0&Prime; text_font=\u00a0\u00bb||||||||\u00a0\u00bb text_text_color=\u00a0\u00bb#000000&Prime; link_font=\u00a0\u00bb||||||||\u00a0\u00bb ul_font=\u00a0\u00bb||||||||\u00a0\u00bb ul_text_color=\u00a0\u00bb#359e52&Prime; ul_line_height=\u00a0\u00bb2em\u00a0\u00bb text_orientation=\u00a0\u00bbjustified\u00a0\u00bb custom_margin=\u00a0\u00bb0px||0px|\u00a0\u00bb custom_padding=\u00a0\u00bb||0px|2px||\u00a0\u00bb]<\/p>\n<h1>PLU<\/h1>\n<p>Afin de se mettre en conformit\u00e9 au SCOT (Sch\u00e9ma de Coh\u00e9rence Territorial) et ainsi r\u00e9pondre aux lois ALUR et Grenelle, la commune a engag\u00e9 par d\u00e9lib\u00e9ration du 11 avril 2018 la r\u00e9vision du PLU .<\/p>\n<p>Les principaux objectifs fix\u00e9s sont : favoriser le maintien de l&rsquo;activit\u00e9 agricole, prot\u00e9ger l&rsquo;environnement, r\u00e9pondre aux besoins de logement et h\u00e9bergement,favoriser la qualit\u00e9 architecturale dans les noyaux urbains existants, d\u00e9velopper l&rsquo;\u00e9nerg\u00e9tique<\/p>\n<p>Apr\u00e8s consultation, le bureau d&rsquo;\u00e9tudes : Atelier BDa de CHAMBERY, a\u00a0 \u00e9t\u00e9 choisi pour la r\u00e9vision du PLU.<\/p>\n<p>2 r\u00e9unions publiques ont eu lieu :<\/p>\n<p>1 r\u00e9union apr\u00e8s l&rsquo;\u00e9laboration du PADD (projet d&rsquo;am\u00e9nagement et de d\u00e9veloppement durable) : le PADD d\u00e9finit les orientations du projet d&rsquo;urbanisme de la commune : la r\u00e9union a eu lieu le jeudi 17 janvier 2019<\/p>\n<p>1 r\u00e9union avant l&rsquo;arr\u00eat du PLU : la r\u00e9union a lieu le mardi 14 mai.<\/p>\n<p>Vous trouverez ci-joint la version all\u00e9g\u00e9e du PADD . Le PADD complet est consultable en mairie <a href=\"https:\/\/verel-de-montbel.fr\/wp-content\/uploads\/2019\/01\/PADD-REUNION-PUBLIQUE-17012019.pdf\" rel=\"attachment wp-att-1357 noopener noreferrer\" target=\"_blank\">PADD REUNION PUBLIQUE 17012019<\/a><\/p>\n<p>Le projet de r\u00e9vision du PLU a \u00e9t\u00e9 arr\u00eat\u00e9 par d\u00e9lib\u00e9ration du 12 juin 2019. Il a \u00e9t\u00e9 transmis au Personnes Publiques Associ\u00e9es (DDT, Pr\u00e9fecture de la Savoie, Conseil d\u00e9partemental, CC Val Guiers, SMAPS, Gestionnaires de r\u00e9seaux, &#8230;&#8230;.) , en attente de leur avis dans les 3 mois du d\u00e9p\u00f4t du dossier de projet.<\/p>\n<p>L&rsquo;enqu\u00eate publique a eu lieu du 04 d\u00e9cembre 2019 au 04 janvier 2020<\/p>\n<p><a href=\"https:\/\/verel-de-montbel.fr\/wp-content\/uploads\/2019\/11\/ARRETE-PRESCRIVANT-ENQUETE-PUBLIQUE-PLU.pdf\" target=\"_blank\" rel=\"noopener noreferrer\">Arr\u00eat\u00e9 du maire prescrivant l&rsquo;enqu\u00eate publique de r\u00e9vision du PLU<\/a><\/p>\n<p><a href=\"https:\/\/verel-de-montbel.fr\/wp-content\/uploads\/2019\/11\/01_RP_VEREL_ARRET.pdf\" rel=\"attachment wp-att-1666\"><\/a><\/p>\n<p><span style=\"text-decoration: underline; font-size: large;\"><span style=\"color: #1450aa;\"><strong><em><\/em><\/strong><\/span><\/span><\/p>\n<p>[\/et_pb_text][et_pb_button button_url=\u00a0\u00bbhttps:\/\/www.dropbox.com\/sh\/q0gtv8wbsnykec1\/AABBrkbnYa2OtdnLkdzDiC7-a?dl=0&Prime; url_new_window=\u00a0\u00bbon\u00a0\u00bb button_text=\u00a0\u00bbCONSULTEZ LE DOSSIER D&rsquo;APPROBATION DU PLU\u00a0\u00bb button_alignment=\u00a0\u00bbcenter\u00a0\u00bb _builder_version=\u00a0\u00bb4.9.0&Prime; custom_button=\u00a0\u00bbon\u00a0\u00bb button_text_size=\u00a0\u00bb25px\u00a0\u00bb button_text_color=\u00a0\u00bb#3faec1&Prime; button_border_width=\u00a0\u00bb35px\u00a0\u00bb button_font=\u00a0\u00bb||||||||\u00a0\u00bb button_icon_color=\u00a0\u00bb#000000&Prime; custom_padding=\u00a0\u00bb||0px|||\u00a0\u00bb animation_style=\u00a0\u00bbzoom\u00a0\u00bb animation_duration=\u00a0\u00bb700ms\u00a0\u00bb animation_intensity_zoom=\u00a0\u00bb34%\u00a0\u00bb button_text_shadow_style=\u00a0\u00bbpreset1&Prime; button_text_shadow_horizontal_length=\u00a0\u00bb0.34em\u00a0\u00bb button_text_shadow_color=\u00a0\u00bb#ffffff\u00a0\u00bb][\/et_pb_button][et_pb_button button_url=\u00a0\u00bbhttps:\/\/www.dropbox.com\/sh\/k2x02clf73hwg70\/AADPo0qvmEzXBDhKrBMnEfXfa\/AVIS%20PPA?dl=0&#038;subfolder_nav_tracking=1&Prime; url_new_window=\u00a0\u00bbon\u00a0\u00bb button_text=\u00a0\u00bbCONSULTEZ LES AVIS PPA\u00a0\u00bb button_alignment=\u00a0\u00bbcenter\u00a0\u00bb _builder_version=\u00a0\u00bb4.9.0&Prime; custom_button=\u00a0\u00bbon\u00a0\u00bb button_text_size=\u00a0\u00bb17px\u00a0\u00bb button_text_color=\u00a0\u00bb#359e52&Prime; button_font=\u00a0\u00bb||||||||\u00a0\u00bb][\/et_pb_button][et_pb_button button_url=\u00a0\u00bbhttps:\/\/www.dropbox.com\/sh\/k2x02clf73hwg70\/AAD7t9Zj58ctS3gcoeYYqzXZa\/PDF_ARRET_PLU_VEREL?dl=0&#038;subfolder_nav_tracking=1&Prime; url_new_window=\u00a0\u00bbon\u00a0\u00bb button_text=\u00a0\u00bbCONSULTEZ LE DOSSIER \u00a0\u00bb button_alignment=\u00a0\u00bbcenter\u00a0\u00bb _builder_version=\u00a0\u00bb4.0.9&Prime; custom_button=\u00a0\u00bbon\u00a0\u00bb button_text_size=\u00a0\u00bb17px\u00a0\u00bb button_text_color=\u00a0\u00bb#359e52&Prime; button_font=\u00a0\u00bb||||||||\u00a0\u00bb][\/et_pb_button][et_pb_button button_url=\u00a0\u00bbhttps:\/\/www.dropbox.com\/sh\/m2czf284n1icyc1\/AAA9RRewpeA7RRQWKxOb8uV8a?dl=0&Prime; url_new_window=\u00a0\u00bbon\u00a0\u00bb button_text=\u00a0\u00bbCONSULTEZ LE RAPPORT DU COMMISSAIRE ENQUETEUR\u00a0\u00bb button_alignment=\u00a0\u00bbcenter\u00a0\u00bb _builder_version=\u00a0\u00bb4.9.0&Prime; custom_button=\u00a0\u00bbon\u00a0\u00bb button_text_size=\u00a0\u00bb17px\u00a0\u00bb button_text_color=\u00a0\u00bb#359e52&Prime; button_font=\u00a0\u00bb||||||||\u00a0\u00bb custom_padding=\u00a0\u00bb||0px|||\u00a0\u00bb][\/et_pb_button][\/et_pb_column][et_pb_column type=\u00a0\u00bb1_4&Prime; _builder_version=\u00a0\u00bb3.25&Prime; custom_padding=\u00a0\u00bb|||\u00a0\u00bb custom_padding__hover=\u00a0\u00bb|||\u00a0\u00bb][et_pb_image src=\u00a0\u00bbhttps:\/\/www.verel-de-montbel.fr\/mairie\/wp-content\/uploads\/2018\/08\/urbanisme2.jpg\u00a0\u00bb title_text=\u00a0\u00bburbanisme2&Prime; align_tablet=\u00a0\u00bbcenter\u00a0\u00bb align_phone=\u00a0\u00bb\u00a0\u00bb align_last_edited=\u00a0\u00bbon|desktop\u00a0\u00bb _builder_version=\u00a0\u00bb4.9.0&Prime; custom_margin=\u00a0\u00bb20px|||\u00a0\u00bb][\/et_pb_image][\/et_pb_column][\/et_pb_row][\/et_pb_section][et_pb_section fb_built=\u00a0\u00bb1&Prime; _builder_version=\u00a0\u00bb4.9.0&Prime; background_image=\u00a0\u00bbhttps:\/\/www.verel-de-montbel.fr\/mairie\/wp-content\/uploads\/2018\/06\/bas-de-page-fond.jpg\u00a0\u00bb background_position=\u00a0\u00bbtop_center\u00a0\u00bb custom_padding=\u00a0\u00bb0|0px|0|0px|false|false\u00a0\u00bb global_module=\u00a0\u00bb305&Prime;][et_pb_row column_structure=\u00a0\u00bb1_3,1_3,1_3&Prime; _builder_version=\u00a0\u00bb3.25&Prime; custom_padding=\u00a0\u00bb90px|0px|80px|0px|false|false\u00a0\u00bb][et_pb_column type=\u00a0\u00bb1_3&Prime; _builder_version=\u00a0\u00bb3.25&Prime; custom_padding=\u00a0\u00bb|||\u00a0\u00bb custom_padding__hover=\u00a0\u00bb|||\u00a0\u00bb][et_pb_blurb use_icon=\u00a0\u00bbon\u00a0\u00bb font_icon=\u00a0\u00bb%%122%%\u00a0\u00bb icon_color=\u00a0\u00bb#ffffff\u00a0\u00bb use_icon_font_size=\u00a0\u00bbon\u00a0\u00bb icon_font_size=\u00a0\u00bb68px\u00a0\u00bb _builder_version=\u00a0\u00bb3.2.2&Prime; background_color=\u00a0\u00bbrgba(94,125,171,0.83)\u00a0\u00bb custom_margin=\u00a0\u00bb||0px|\u00a0\u00bb custom_padding=\u00a0\u00bb20px||0px|\u00a0\u00bb][\/et_pb_blurb][et_pb_text admin_label=\u00a0\u00bbCoordonn\u00e9es\u00a0\u00bb _builder_version=\u00a0\u00bb3.27.4&Prime; text_font=\u00a0\u00bbPoppins|300|||||||\u00a0\u00bb text_text_color=\u00a0\u00bb#ffffff\u00a0\u00bb text_font_size=\u00a0\u00bb18px\u00a0\u00bb text_letter_spacing=\u00a0\u00bb2px\u00a0\u00bb text_line_height=\u00a0\u00bb1.1em\u00a0\u00bb background_color=\u00a0\u00bbrgba(94,125,171,0.83)\u00a0\u00bb text_orientation=\u00a0\u00bbcenter\u00a0\u00bb custom_padding=\u00a0\u00bb0px||20px|\u00a0\u00bb]<\/p>\n<h3><span style=\"text-decoration: underline;\"><span style=\"color: #333333; text-decoration: underline;\">Coordonn\u00e9es<\/span><\/span><\/h3>\n<p>Mairie<br \/>Espace Chef-Lieu<br \/>73330 Verel-de-Montbel<\/p>\n<p>&nbsp;<\/p>\n<p>&nbsp;<\/p>\n<p>[\/et_pb_text][\/et_pb_column][et_pb_column type=\u00a0\u00bb1_3&Prime; _builder_version=\u00a0\u00bb3.25&Prime; custom_padding=\u00a0\u00bb|||\u00a0\u00bb custom_padding__hover=\u00a0\u00bb|||\u00a0\u00bb][et_pb_blurb use_icon=\u00a0\u00bbon\u00a0\u00bb font_icon=\u00a0\u00bb%%222%%\u00a0\u00bb icon_color=\u00a0\u00bb#ffffff\u00a0\u00bb use_icon_font_size=\u00a0\u00bbon\u00a0\u00bb icon_font_size=\u00a0\u00bb68px\u00a0\u00bb _builder_version=\u00a0\u00bb3.2.2&Prime; background_color=\u00a0\u00bbrgba(96,93,92,0.65)\u00a0\u00bb custom_margin=\u00a0\u00bb||0px|\u00a0\u00bb custom_padding=\u00a0\u00bb20px||0px|\u00a0\u00bb][\/et_pb_blurb][et_pb_text admin_label=\u00a0\u00bbCoordonn\u00e9es\u00a0\u00bb _builder_version=\u00a0\u00bb4.9.0&Prime; text_font=\u00a0\u00bbPoppins|300|||||||\u00a0\u00bb text_text_color=\u00a0\u00bb#ffffff\u00a0\u00bb text_font_size=\u00a0\u00bb18px\u00a0\u00bb text_line_height=\u00a0\u00bb1.1em\u00a0\u00bb link_text_color=\u00a0\u00bb#FFFFFF\u00a0\u00bb background_color=\u00a0\u00bbrgba(96,93,92,0.65)\u00a0\u00bb text_orientation=\u00a0\u00bbcenter\u00a0\u00bb custom_padding=\u00a0\u00bb0px||20px|\u00a0\u00bb]<\/p>\n<h3><span style=\"text-decoration: underline;\"><span style=\"color: #333333; text-decoration: underline;\">T\u00e9l\u00e9phone \/ Mail<\/span><\/span><\/h3>\n<p><span style=\"font-size: x-large;\">04 76 37 28 09<\/span><\/p>\n<p><a href=\"mailto:mairie.verel.de.montbel@wanadoo.fr\">mairie.verel.de.montbel@wanadoo.fr<\/a><\/p>\n<p>&nbsp;<\/p>\n<p>&nbsp;<\/p>\n<p>[\/et_pb_text][\/et_pb_column][et_pb_column type=\u00a0\u00bb1_3&Prime; _builder_version=\u00a0\u00bb3.25&Prime; custom_padding=\u00a0\u00bb|||\u00a0\u00bb custom_padding__hover=\u00a0\u00bb|||\u00a0\u00bb][et_pb_blurb use_icon=\u00a0\u00bbon\u00a0\u00bb font_icon=\u00a0\u00bb%%227%%\u00a0\u00bb icon_color=\u00a0\u00bb#ffffff\u00a0\u00bb use_icon_font_size=\u00a0\u00bbon\u00a0\u00bb icon_font_size=\u00a0\u00bb68px\u00a0\u00bb _builder_version=\u00a0\u00bb4.9.0&Prime; background_color=\u00a0\u00bbrgba(94,125,171,0.83)\u00a0\u00bb custom_margin=\u00a0\u00bb||0px|\u00a0\u00bb custom_padding=\u00a0\u00bb20px||0px|\u00a0\u00bb][\/et_pb_blurb][et_pb_text admin_label=\u00a0\u00bbCoordonn\u00e9es\u00a0\u00bb _builder_version=\u00a0\u00bb4.9.0&Prime; text_font=\u00a0\u00bbPoppins|300|||||||\u00a0\u00bb text_text_color=\u00a0\u00bb#ffffff\u00a0\u00bb text_font_size=\u00a0\u00bb18px\u00a0\u00bb text_letter_spacing=\u00a0\u00bb1px\u00a0\u00bb text_line_height=\u00a0\u00bb1.1em\u00a0\u00bb link_font=\u00a0\u00bb||||||||\u00a0\u00bb ul_font=\u00a0\u00bb||||||||\u00a0\u00bb background_color=\u00a0\u00bbrgba(94,125,171,0.83)\u00a0\u00bb text_orientation=\u00a0\u00bbcenter\u00a0\u00bb custom_padding=\u00a0\u00bb0px||20px|\u00a0\u00bb]<\/p>\n<h3><\/h3>\n<h3>Horaires d&rsquo;ouverture<\/h3>\n<p><span style=\"font-size: 16px;\">Mardi 9 h &#8211; 11 h<br \/> <\/span><\/p>\n<p><span style=\"font-size: 16px;\">Mercredi 13 h &#8211; 18 h<\/span><\/p>\n<p>Jeudi\u00a0 9 h &#8211; 11 h<\/p>\n<p>[\/et_pb_text][\/et_pb_column][\/et_pb_row][\/et_pb_section]<\/p>\n","protected":false},"excerpt":{"rendered":"<p>T\u00e9l\u00e9phone Mairie : 04 76 37 28 09PLU Afin de se mettre en conformit\u00e9 au SCOT (Sch\u00e9ma de Coh\u00e9rence Territorial) et ainsi r\u00e9pondre aux lois ALUR et Grenelle, la commune a engag\u00e9 par d\u00e9lib\u00e9ration du 11 avril 2018 la r\u00e9vision du PLU . Les principaux objectifs fix\u00e9s sont : favoriser le maintien de l&rsquo;activit\u00e9 agricole, [&hellip;]<\/p>\n","protected":false},"author":1,"featured_media":0,"parent":0,"menu_order":0,"comment_status":"closed","ping_status":"open","template":"","meta":{"_et_pb_use_builder":"on","_et_pb_old_content":"","_et_gb_content_width":"","footnotes":""},"class_list":["post-677","page","type-page","status-publish","hentry"],"publishpress_future_action":{"enabled":false,"date":"2026-05-19 07:23:36","action":"change-status","newStatus":"draft","terms":[],"taxonomy":"","extraData":[]},"publishpress_future_workflow_manual_trigger":{"enabledWorkflows":[]},"_links":{"self":[{"href":"https:\/\/www.verel-de-montbel.fr\/mairie\/wp-json\/wp\/v2\/pages\/677","targetHints":{"allow":["GET"]}}],"collection":[{"href":"https:\/\/www.verel-de-montbel.fr\/mairie\/wp-json\/wp\/v2\/pages"}],"about":[{"href":"https:\/\/www.verel-de-montbel.fr\/mairie\/wp-json\/wp\/v2\/types\/page"}],"author":[{"embeddable":true,"href":"https:\/\/www.verel-de-montbel.fr\/mairie\/wp-json\/wp\/v2\/users\/1"}],"replies":[{"embeddable":true,"href":"https:\/\/www.verel-de-montbel.fr\/mairie\/wp-json\/wp\/v2\/comments?post=677"}],"version-history":[{"count":2,"href":"https:\/\/www.verel-de-montbel.fr\/mairie\/wp-json\/wp\/v2\/pages\/677\/revisions"}],"predecessor-version":[{"id":2305,"href":"https:\/\/www.verel-de-montbel.fr\/mairie\/wp-json\/wp\/v2\/pages\/677\/revisions\/2305"}],"wp:attachment":[{"href":"https:\/\/www.verel-de-montbel.fr\/mairie\/wp-json\/wp\/v2\/media?parent=677"}],"curies":[{"name":"wp","href":"https:\/\/api.w.org\/{rel}","templated":true}]}}